{"id":991,"date":"2021-11-19T10:35:25","date_gmt":"2021-11-19T10:35:25","guid":{"rendered":"https:\/\/arctichighways.com\/?page_id=991"},"modified":"2026-02-18T08:39:10","modified_gmt":"2026-02-18T08:39:10","slug":"background","status":"publish","type":"page","link":"https:\/\/arctichighways.com\/en\/bakgrund\/","title":{"rendered":"Background"},"content":{"rendered":"<div data-elementor-type=\"wp-page\" data-elementor-id=\"991\" class=\"elementor elementor-991\" data-elementor-post-type=\"page\">\n\t\t\t\t<div class=\"elementor-element elementor-element-f66faaf section-xs section-narrow-xs e-flex e-con-boxed e-con e-parent\" data-id=\"f66faaf\" data-element_type=\"container\" data-e-type=\"container\" data-settings=\"{&quot;jet_parallax_layout_list&quot;:[]}\">\n\t\t\t\t\t<div class=\"e-con-inner\">\n\t\t\t\t<div class=\"elementor-element elementor-element-41ca877 elementor-widget elementor-widget-heading\" data-id=\"41ca877\" data-element_type=\"widget\" data-e-type=\"widget\" data-widget_type=\"heading.default\">\n\t\t\t\t\t<h1 class=\"elementor-heading-title elementor-size-default\">A new way point on our journey<\/h1>\t\t\t\t<\/div>\n\t\t\t\t<div class=\"elementor-element elementor-element-a5b07b9 elementor-widget elementor-widget-text-editor\" data-id=\"a5b07b9\" data-element_type=\"widget\" data-e-type=\"widget\" data-widget_type=\"text-editor.default\">\n\t\t\t\t\t\t\t\t\t<p data-start=\"73\" data-end=\"424\">This exhibition will introduce you to twelve Indigenous artists from S\u00e1pmi, Canada, and Alaska. They invite us to join them on their spiritual and artistic quest to find answers and a sense of community. With their guidance, we are able to follow a journey along an Arctic motorway of culture and everyday life, that stretches from the past to the future, without passing a single border.<\/p><p data-start=\"426\" data-end=\"573\">This exhibition of Indigenous art will be touring North America and Europe from 2022 to 2025. It will then be put on permanent display in Sweden, in the town of Gran\u00f6, in V\u00e4ster\u00adbotten county.<\/p><p data-start=\"575\" data-end=\"1194\">It is a natural choice for <em data-start=\"604\" data-end=\"621\">Arctic Highways<\/em> to settle as a permanent exhibition in Gran\u00f6 in 2025. This town is situated by the shores of the 470-km-long Ume River, which has always been a natural summer and winter trail between the coast and the mountainous region. People have travelled unbounded up and down the river for centuries. This is where S\u00e1mi culture and Swedish rural culture have always met for trade and commerce. Ancient historical sources describe the midwinter- \u201dLapp-fests\u201d that were held here. As early as the 1500s, Swedish kings knew the town of Gran\u00f6 as an important meeting place. Even today, the S\u00e1mi herd their reindeer to the town for the winter pasture.<\/p><p data-start=\"1196\" data-end=\"1497\">The small town of Gran\u00f6 is now becoming one of the most important places to meet the history, culture, and nature of northern Europe. Furthermore, through the creation of a global exhibition for Indigenous art <em data-start=\"1381\" data-end=\"1398\">Arctic Highways<\/em> - we will bring people together, laying the foundation for an international \u00adIndigenous peoples\u2019 stage that is unique in the world.<\/p>\t\t\t\t\t\t\t\t<\/div>\n\t\t\t\t<div class=\"elementor-element elementor-element-4f23c29 elementor-widget-divider--view-line elementor-widget elementor-widget-divider\" data-id=\"4f23c29\" data-element_type=\"widget\" data-e-type=\"widget\" data-widget_type=\"divider.default\">\n\t\t\t\t\t\t\t<div class=\"elementor-divider\">\n\t\t\t<span class=\"elementor-divider-separator\">\n\t\t\t\t\t\t<\/span>\n\t\t<\/div>\n\t\t\t\t\t\t<\/div>\n\t\t<div class=\"elementor-element elementor-element-dfebdf8 e-con-full e-flex e-con e-child\" data-id=\"dfebdf8\" data-element_type=\"container\" data-e-type=\"container\" data-settings=\"{&quot;jet_parallax_layout_list&quot;:[]}\">\n\t\t<div class=\"elementor-element elementor-element-881cb74 e-con-full e-flex e-con e-child\" data-id=\"881cb74\" data-element_type=\"container\" data-e-type=\"container\" data-settings=\"{&quot;jet_parallax_layout_list&quot;:[]}\">\n\t\t\t\t<div class=\"elementor-element elementor-element-5bdb1e2 elementor-widget elementor-widget-heading\" data-id=\"5bdb1e2\" data-element_type=\"widget\" data-e-type=\"widget\" data-widget_type=\"heading.default\">\n\t\t\t\t\t<h2 class=\"elementor-heading-title elementor-size-default\">Mr Jan Wejdmark<\/h2>\t\t\t\t<\/div>\n\t\t\t\t<div class=\"elementor-element elementor-element-5db2c93 elementor-widget elementor-widget-text-editor\" data-id=\"5db2c93\" data-element_type=\"widget\" data-e-type=\"widget\" data-widget_type=\"text-editor.default\">\n\t\t\t\t\t\t\t\t\t<p data-start=\"121\" data-end=\"446\">Born and bred in Gran\u00f6, in V\u00e4sterbotten, north-\u00adeastern Sweden, is a forest-owner with deep roots in the rural district, where his family have lived and worked for 15 generations. Wejdmark holds an MSc degree in real estate and law, including environmental studies, from <span class=\"hover:entity-accent entity-underline inline cursor-pointer align-baseline\"><span class=\"whitespace-normal\">KTH, the Royal Institute of Technology, in Stockholm.<\/span><\/span> (KTH).<\/p><p data-start=\"448\" data-end=\"572\">He is the initiator and founder of <span class=\"hover:entity-accent entity-underline inline cursor-pointer align-baseline\"><span class=\"whitespace-normal\">the Meeting Place Gran\u00f6<\/span><\/span> and funding patron of Artic Highways.<\/p>\t\t\t\t\t\t\t\t<\/div>\n\t\t\t\t<\/div>\n\t\t<div class=\"elementor-element elementor-element-18e818e e-con-full e-flex e-con e-child\" data-id=\"18e818e\" data-element_type=\"container\" data-e-type=\"container\" data-settings=\"{&quot;jet_parallax_layout_list&quot;:[]}\">\n\t\t\t\t<div class=\"elementor-element elementor-element-2600bc1 elementor-widget elementor-widget-image\" data-id=\"2600bc1\" data-element_type=\"widget\" data-e-type=\"widget\" data-widget_type=\"image.default\">\n\t\t\t\t\t\t\t\t\t\t\t\t\t\t\t<img fetchpriority=\"high\" decoding=\"async\" width=\"638\" height=\"1024\" src=\"https:\/\/arctichighways.com\/wp-content\/uploads\/2021\/05\/Jan-Wejdmark-FRICS-Chair-638x1024.jpg\" class=\"attachment-large size-large wp-image-276\" alt=\"\" srcset=\"https:\/\/arctichighways.com\/wp-content\/uploads\/2021\/05\/Jan-Wejdmark-FRICS-Chair-638x1024.jpg 638w, https:\/\/arctichighways.com\/wp-content\/uploads\/2021\/05\/Jan-Wejdmark-FRICS-Chair-187x300.jpg 187w, https:\/\/arctichighways.com\/wp-content\/uploads\/2021\/05\/Jan-Wejdmark-FRICS-Chair-768x1232.jpg 768w, https:\/\/arctichighways.com\/wp-content\/uploads\/2021\/05\/Jan-Wejdmark-FRICS-Chair-958x1536.jpg 958w, https:\/\/arctichighways.com\/wp-content\/uploads\/2021\/05\/Jan-Wejdmark-FRICS-Chair.jpg 1200w\" sizes=\"(max-width: 638px) 100vw, 638px\" \/>\t\t\t\t\t\t\t\t\t\t\t\t\t\t\t<\/div>\n\t\t\t\t<\/div>\n\t\t\t\t<\/div>\n\t\t\t\t\t<\/div>\n\t\t\t\t<\/div>\n\t\t<div class=\"elementor-element elementor-element-06e590c e-con-full e-flex e-con e-parent\" data-id=\"06e590c\" data-element_type=\"container\" data-e-type=\"container\" data-settings=\"{&quot;jet_parallax_layout_list&quot;:[]}\">\n\t\t\t\t<div class=\"elementor-element elementor-element-5feb924 elementor-widget elementor-widget-template\" data-id=\"5feb924\" data-element_type=\"widget\" data-e-type=\"widget\" data-widget_type=\"template.default\">\n\t\t\t\t<div class=\"elementor-widget-container\">\n\t\t\t\t\t\t\t<div class=\"elementor-template\">\n\t\t\t\t\t<div data-elementor-type=\"container\" data-elementor-id=\"3656\" class=\"elementor elementor-3656\" data-elementor-post-type=\"elementor_library\">\n\t\t\t\t<div class=\"elementor-element elementor-element-2f9061d0 section-xs e-flex e-con-boxed e-con e-parent\" data-id=\"2f9061d0\" data-element_type=\"container\" data-e-type=\"container\" data-settings=\"{&quot;jet_parallax_layout_list&quot;:[]}\">\n\t\t\t\t\t<div class=\"e-con-inner\">\n\t\t\t\t<div class=\"elementor-element elementor-element-c5efbb9 elementor-align-justify elementor-widget elementor-widget-button\" data-id=\"c5efbb9\" data-element_type=\"widget\" data-e-type=\"widget\" data-widget_type=\"button.default\">\n\t\t\t\t\t\t\t\t\t\t<a class=\"elementor-button elementor-button-link elementor-size-sm\" href=\"https:\/\/arctichighways.com\/en\/stalling\/\">\n\t\t\t\t\t\t<span class=\"elementor-button-content-wrapper\">\n\t\t\t\t\t\t<span class=\"elementor-button-icon\">\n\t\t\t\t<svg xmlns=\"http:\/\/www.w3.org\/2000\/svg\" xmlns:svg=\"http:\/\/www.w3.org\/2000\/svg\" fill=\"\" width=\"92\" height=\"75.999573\" viewbox=\"0 0 184 151.99915\" id=\"Flat\"><defs id=\"defs1\"><\/defs><path d=\"m 182.82812,78.827698 -72,72.000002 a 3.9995727,3.9995727 0 0 1 -5.65625,-5.65625 L 170.34326,79.999578 H 4 a 4,4 0 0 1 0,-8 H 170.34326 L 105.17187,6.8276977 a 3.9995727,3.9995727 0 0 1 5.65625,-5.65625 l 72,72.0000003 a 3.99854,3.99854 0 0 1 0,5.65625 z\" id=\"path1\"><\/path><\/svg>\t\t\t<\/span>\n\t\t\t\t\t\t\t\t\t<span class=\"elementor-button-text\">Artic Highways - exhibition<\/span>\n\t\t\t\t\t<\/span>\n\t\t\t\t\t<\/a>\n\t\t\t\t\t\t\t\t<\/div>\n\t\t\t\t\t<\/div>\n\t\t\t\t<\/div>\n\t\t\t\t<\/div>\n\t\t\t\t<\/div>\n\t\t\t\t\t\t<\/div>\n\t\t\t\t<\/div>\n\t\t\t\t<\/div>\n\t\t\t\t<\/div>","protected":false},"excerpt":{"rendered":"<p>En ny h\u00e5llpunkt p\u00e5 v\u00e5r resa Denna utst\u00e4llning presenterar tolv urfolkskonstn\u00e4rer fr\u00e5n S\u00e1pmi, Kanada och Alaska. De bjuder in oss att f\u00f6lja dem p\u00e5 en andlig och konstn\u00e4rlig resa i s\u00f6kandet efter svar och gemenskap. Med deras v\u00e4gledning kan vi f\u00e4rdas l\u00e4ngs en arktisk v\u00e4g av kultur och vardagsliv som str\u00e4cker sig fr\u00e5n det f\u00f6rflutna [&hellip;]<\/p>\n","protected":false},"author":4,"featured_media":0,"parent":0,"menu_order":0,"comment_status":"closed","ping_status":"closed","template":"","meta":{"footnotes":""},"class_list":["post-991","page","type-page","status-publish","hentry"],"_links":{"self":[{"href":"https:\/\/arctichighways.com\/en\/wp-json\/wp\/v2\/pages\/991","targetHints":{"allow":["GET"]}}],"collection":[{"href":"https:\/\/arctichighways.com\/en\/wp-json\/wp\/v2\/pages"}],"about":[{"href":"https:\/\/arctichighways.com\/en\/wp-json\/wp\/v2\/types\/page"}],"author":[{"embeddable":true,"href":"https:\/\/arctichighways.com\/en\/wp-json\/wp\/v2\/users\/4"}],"replies":[{"embeddable":true,"href":"https:\/\/arctichighways.com\/en\/wp-json\/wp\/v2\/comments?post=991"}],"version-history":[{"count":40,"href":"https:\/\/arctichighways.com\/en\/wp-json\/wp\/v2\/pages\/991\/revisions"}],"predecessor-version":[{"id":3953,"href":"https:\/\/arctichighways.com\/en\/wp-json\/wp\/v2\/pages\/991\/revisions\/3953"}],"wp:attachment":[{"href":"https:\/\/arctichighways.com\/en\/wp-json\/wp\/v2\/media?parent=991"}],"curies":[{"name":"wp","href":"https:\/\/api.w.org\/{rel}","templated":true}]}}