{"id":989,"date":"2021-11-19T10:33:03","date_gmt":"2021-11-19T10:33:03","guid":{"rendered":"https:\/\/arctichighways.com\/?page_id=989"},"modified":"2026-03-19T10:43:52","modified_gmt":"2026-03-19T10:43:52","slug":"exhibition-production","status":"publish","type":"page","link":"https:\/\/arctichighways.com\/en\/utstallningsproduktion\/","title":{"rendered":"Transitional production"},"content":{"rendered":"<div data-elementor-type=\"wp-page\" data-elementor-id=\"989\" class=\"elementor elementor-989\" data-elementor-post-type=\"page\">\n\t\t\t\t<div class=\"elementor-element elementor-element-253a325 section-xs section-narrow-xs e-flex e-con-boxed e-con e-parent\" data-id=\"253a325\" data-element_type=\"container\" data-e-type=\"container\" data-settings=\"{&quot;jet_parallax_layout_list&quot;:[]}\">\n\t\t\t\t\t<div class=\"e-con-inner\">\n\t\t\t\t<div class=\"elementor-element elementor-element-a76b5c5 elementor-widget elementor-widget-heading\" data-id=\"a76b5c5\" data-element_type=\"widget\" data-e-type=\"widget\" data-widget_type=\"heading.default\">\n\t\t\t\t\t<h1 class=\"elementor-heading-title elementor-size-default\">\nTransitional production<\/h1>\t\t\t\t<\/div>\n\t\t\t\t<div class=\"elementor-element elementor-element-ee4d51c elementor-widget elementor-widget-text-editor\" data-id=\"ee4d51c\" data-element_type=\"widget\" data-e-type=\"widget\" data-widget_type=\"text-editor.default\">\n\t\t\t\t\t\t\t\t\t<p data-start=\"109\" data-end=\"286\"><strong data-start=\"109\" data-end=\"128\">Arctic Highways<\/strong> produced by <span class=\"hover:entity-accent entity-underline inline cursor-pointer align-baseline\"><span class=\"whitespace-normal\">Gullers Group<\/span><\/span>in Stockholm, exhibition designers Igor and Ilkka Isaksson, TYP Kulturkapital and the exhibition curating team.<\/p><p data-start=\"288\" data-end=\"448\">Bengt Waldemarson, <span class=\"hover:entity-accent entity-underline inline cursor-pointer align-baseline\"><span class=\"whitespace-normal\">Relationera AB<\/span><\/span>, is responsible for the digital production of Arctic Highways together with Jan Larsson, Art Director. Yvonne Rock is the production manager and senior advisor for the Arctic Highways exhibition tour. Ilkka and Igor Isaksson are responsible for the design and layout of the book <em data-start=\"604\" data-end=\"621\">Arctic Highways<\/em>, published by <span class=\"hover:entity-accent entity-underline inline cursor-pointer align-baseline\"><span class=\"whitespace-normal\">the Meeting Place Gran\u00f6<\/span><\/span> and <span class=\"hover:entity-accent entity-underline inline cursor-pointer align-baseline\"><span class=\"whitespace-normal\">Korpen Publishing<\/span><\/span>.<\/p>\t\t\t\t\t\t\t\t<\/div>\n\t\t\t\t<div class=\"elementor-element elementor-element-5a39ab8 elementor-widget elementor-widget-image\" data-id=\"5a39ab8\" data-element_type=\"widget\" data-e-type=\"widget\" data-widget_type=\"image.default\">\n\t\t\t\t\t\t\t\t\t\t\t\t<figure class=\"wp-caption\">\n\t\t\t\t\t\t\t\t\t\t<img fetchpriority=\"high\" decoding=\"async\" width=\"800\" height=\"447\" src=\"https:\/\/arctichighways.com\/wp-content\/uploads\/2022\/02\/yvonnerock-1024x572.jpg\" class=\"attachment-large size-large wp-image-1433\" alt=\"\" srcset=\"https:\/\/arctichighways.com\/wp-content\/uploads\/2022\/02\/yvonnerock-1024x572.jpg 1024w, https:\/\/arctichighways.com\/wp-content\/uploads\/2022\/02\/yvonnerock-300x167.jpg 300w, https:\/\/arctichighways.com\/wp-content\/uploads\/2022\/02\/yvonnerock-768x429.jpg 768w, https:\/\/arctichighways.com\/wp-content\/uploads\/2022\/02\/yvonnerock-1536x857.jpg 1536w, https:\/\/arctichighways.com\/wp-content\/uploads\/2022\/02\/yvonnerock.jpg 1600w\" sizes=\"(max-width: 800px) 100vw, 800px\" \/>\t\t\t\t\t\t\t\t\t\t\t<figcaption class=\"widget-image-caption wp-caption-text\">Photo by Elisabeth Olsson<\/figcaption>\n\t\t\t\t\t\t\t\t\t\t<\/figure>\n\t\t\t\t\t\t\t\t\t<\/div>\n\t\t\t\t<div class=\"elementor-element elementor-element-cc290bd elementor-widget elementor-widget-text-editor\" data-id=\"cc290bd\" data-element_type=\"widget\" data-e-type=\"widget\" data-widget_type=\"text-editor.default\">\n\t\t\t\t\t\t\t\t\t<p>Contact person: Yvonne Rock<\/p><p>E-mail: <a href=\"mailto:yvonne.rock@arctichighways.com\">yvonne.rock@arctichighways.com<\/a><\/p><p>Phone: (+46)709587125<\/p>\t\t\t\t\t\t\t\t<\/div>\n\t\t\t\t\t<\/div>\n\t\t\t\t<\/div>\n\t\t<div class=\"elementor-element elementor-element-3d1009b e-con-full e-flex e-con e-parent\" data-id=\"3d1009b\" data-element_type=\"container\" data-e-type=\"container\" data-settings=\"{&quot;jet_parallax_layout_list&quot;:[]}\">\n\t\t\t\t<div class=\"elementor-element elementor-element-a40d936 elementor-widget elementor-widget-template\" data-id=\"a40d936\" data-element_type=\"widget\" data-e-type=\"widget\" data-widget_type=\"template.default\">\n\t\t\t\t<div class=\"elementor-widget-container\">\n\t\t\t\t\t\t\t<div class=\"elementor-template\">\n\t\t\t\t\t<div data-elementor-type=\"container\" data-elementor-id=\"3656\" class=\"elementor elementor-3656\" data-elementor-post-type=\"elementor_library\">\n\t\t\t\t<div class=\"elementor-element elementor-element-2f9061d0 section-xs e-flex e-con-boxed e-con e-parent\" data-id=\"2f9061d0\" data-element_type=\"container\" data-e-type=\"container\" data-settings=\"{&quot;jet_parallax_layout_list&quot;:[]}\">\n\t\t\t\t\t<div class=\"e-con-inner\">\n\t\t\t\t<div class=\"elementor-element elementor-element-c5efbb9 elementor-align-justify elementor-widget elementor-widget-button\" data-id=\"c5efbb9\" data-element_type=\"widget\" data-e-type=\"widget\" data-widget_type=\"button.default\">\n\t\t\t\t\t\t\t\t\t\t<a class=\"elementor-button elementor-button-link elementor-size-sm\" href=\"https:\/\/arctichighways.com\/en\/stalling\/\">\n\t\t\t\t\t\t<span class=\"elementor-button-content-wrapper\">\n\t\t\t\t\t\t<span class=\"elementor-button-icon\">\n\t\t\t\t<svg xmlns=\"http:\/\/www.w3.org\/2000\/svg\" xmlns:svg=\"http:\/\/www.w3.org\/2000\/svg\" fill=\"\" width=\"92\" height=\"75.999573\" viewbox=\"0 0 184 151.99915\" id=\"Flat\"><defs id=\"defs1\"><\/defs><path d=\"m 182.82812,78.827698 -72,72.000002 a 3.9995727,3.9995727 0 0 1 -5.65625,-5.65625 L 170.34326,79.999578 H 4 a 4,4 0 0 1 0,-8 H 170.34326 L 105.17187,6.8276977 a 3.9995727,3.9995727 0 0 1 5.65625,-5.65625 l 72,72.0000003 a 3.99854,3.99854 0 0 1 0,5.65625 z\" id=\"path1\"><\/path><\/svg>\t\t\t<\/span>\n\t\t\t\t\t\t\t\t\t<span class=\"elementor-button-text\">Artic Highways - exhibition<\/span>\n\t\t\t\t\t<\/span>\n\t\t\t\t\t<\/a>\n\t\t\t\t\t\t\t\t<\/div>\n\t\t\t\t\t<\/div>\n\t\t\t\t<\/div>\n\t\t\t\t<\/div>\n\t\t\t\t<\/div>\n\t\t\t\t\t\t<\/div>\n\t\t\t\t<\/div>\n\t\t\t\t<\/div>\n\t\t\t\t<\/div>","protected":false},"excerpt":{"rendered":"<p>Ust\u00e4llningsproduktion Arctic Highways produceras av Gullers Group, med utst\u00e4llningsformgivarna Igor och Ilkka Isaksson, TYP Kulturkapital samt utst\u00e4llningens kuratorsteam. Bengt Waldemarson, Relationera AB, ansvarar f\u00f6r den digitala produktionen av Arctic Highways tillsammans med Jan Larsson, Art Director. Yvonne Rock \u00e4r produktionsledare och senior r\u00e5dgivare f\u00f6r Arctic Highways utst\u00e4llningsturn\u00e9. Ilkka och Igor Isaksson st\u00e5r f\u00f6r form och [&hellip;]<\/p>\n","protected":false},"author":4,"featured_media":0,"parent":0,"menu_order":0,"comment_status":"closed","ping_status":"closed","template":"","meta":{"footnotes":""},"class_list":["post-989","page","type-page","status-publish","hentry"],"_links":{"self":[{"href":"https:\/\/arctichighways.com\/en\/wp-json\/wp\/v2\/pages\/989","targetHints":{"allow":["GET"]}}],"collection":[{"href":"https:\/\/arctichighways.com\/en\/wp-json\/wp\/v2\/pages"}],"about":[{"href":"https:\/\/arctichighways.com\/en\/wp-json\/wp\/v2\/types\/page"}],"author":[{"embeddable":true,"href":"https:\/\/arctichighways.com\/en\/wp-json\/wp\/v2\/users\/4"}],"replies":[{"embeddable":true,"href":"https:\/\/arctichighways.com\/en\/wp-json\/wp\/v2\/comments?post=989"}],"version-history":[{"count":26,"href":"https:\/\/arctichighways.com\/en\/wp-json\/wp\/v2\/pages\/989\/revisions"}],"predecessor-version":[{"id":4033,"href":"https:\/\/arctichighways.com\/en\/wp-json\/wp\/v2\/pages\/989\/revisions\/4033"}],"wp:attachment":[{"href":"https:\/\/arctichighways.com\/en\/wp-json\/wp\/v2\/media?parent=989"}],"curies":[{"name":"wp","href":"https:\/\/api.w.org\/{rel}","templated":true}]}}