{"id":987,"date":"2021-11-19T10:31:51","date_gmt":"2021-11-19T10:31:51","guid":{"rendered":"https:\/\/arctichighways.com\/?page_id=987"},"modified":"2026-02-17T13:59:12","modified_gmt":"2026-02-17T13:59:12","slug":"the-curators","status":"publish","type":"page","link":"https:\/\/arctichighways.com\/en\/kuratorerna\/","title":{"rendered":"Kuratorerna"},"content":{"rendered":"\t\t<div data-elementor-type=\"wp-page\" data-elementor-id=\"987\" class=\"elementor elementor-987\" data-elementor-post-type=\"page\">\n\t\t\t\t<div class=\"elementor-element elementor-element-dbbbe01 section-xs section-narrow-xs e-flex e-con-boxed e-con e-parent\" data-id=\"dbbbe01\" data-element_type=\"container\" data-e-type=\"container\" data-settings=\"{&quot;jet_parallax_layout_list&quot;:[]}\">\n\t\t\t\t\t<div class=\"e-con-inner\">\n\t\t\t\t<div class=\"elementor-element elementor-element-f552ec4 elementor-widget elementor-widget-heading\" data-id=\"f552ec4\" data-element_type=\"widget\" data-e-type=\"widget\" data-widget_type=\"heading.default\">\n\t\t\t\t\t<h1 class=\"elementor-heading-title elementor-size-default\">Arctic Highway \u2013 Ett gr\u00e4nsl\u00f6st folk<\/h1>\t\t\t\t<\/div>\n\t\t\t\t<div class=\"elementor-element elementor-element-dbf9588 elementor-widget elementor-widget-text-editor\" data-id=\"dbf9588\" data-element_type=\"widget\" data-e-type=\"widget\" data-widget_type=\"text-editor.default\">\n\t\t\t\t\t\t\t\t\t<p data-start=\"146\" data-end=\"602\">Urfolk runt om i v\u00e4rlden existerade l\u00e5ngt innan nationalstaternas gr\u00e4nser drogs upp. Gr\u00e4nser som inte tog h\u00e4nsyn till urfolkens omr\u00e5den \u2013 de landskap som rymmer v\u00e5ra traditionella platser och som har burit och f\u00f6rs\u00f6rjt oss. Gr\u00e4nserna drogs l\u00e4ngs fj\u00e4ll, dalar, sj\u00f6ar och \u00e4lvar, och s\u00e5 vidare. Samtidigt hade m\u00e4nniskor alltid r\u00f6rt sig \u00f6ver dessa omr\u00e5den, bildat familjer, levt i gemenskaper, umg\u00e5tts, uttryckt sig genom spr\u00e5k och kultur och levt sina liv.<\/p><p data-start=\"604\" data-end=\"847\">M\u00e5nga urfolk har upplevt hur regeringar har annekterat deras omr\u00e5den f\u00f6r egna syften, utan att f\u00f6lja urfolkens vilja. Trots detta har urfolken l\u00e4ngs den Arktiska v\u00e4gen \u00f6verlevt som folk, \u00e4ven om de har tvingats k\u00e4mpa f\u00f6r att bevara sin kultur.<\/p><p data-start=\"849\" data-end=\"1129\">Bes\u00f6kare till denna vandringsutst\u00e4llning f\u00e5r en inblick i vad som sker inom arktisk konst och <strong data-start=\"943\" data-end=\"953\">duodji<\/strong>, samiskt konsthantverk. Utst\u00e4llningen vill v\u00e4cka nyfikenhet hos urfolk och skapa broar mellan oss, samtidigt som den vill fr\u00e4mja f\u00f6rst\u00e5else och insikt hos allm\u00e4nheten i stort.<\/p><p data-start=\"1131\" data-end=\"1699\">M\u00e5nga urfolksomr\u00e5den pr\u00e4glas i dag av exploatering av land och kultur. Har denna exploatering n\u00e5tt sin gr\u00e4ns? Grupper av urfolk st\u00e4lls ibland mot varandra eftersom vi lever i olika nationalstater. I s\u00e5dana situationer kan vi finna oss k\u00e4mpa tillsammans med nationalstatens myndigheter mot v\u00e5ra egna br\u00f6der och systrar som lever i andra l\u00e4nder. Trots detta betraktar vi l\u00e4ngs den Arktiska v\u00e4gen oss som ett och samma urfolk. Vi \u00e4r \u00f6verens om att vi vill samarbeta och dela v\u00e5ra kulturella erfarenheter med varandra \u2013 och att vi inte l\u00e5ter nationsgr\u00e4nser bli ett hinder.<\/p><p data-start=\"1701\" data-end=\"2035\">Ett moln spred sig \u00f6ver v\u00e4rlden \u2013 ett moln kallat \u201dCovid-19\u201d \u2013 och alla gr\u00e4nser st\u00e4ngdes. Id\u00e9n till denna utst\u00e4llning f\u00f6ddes under en tid d\u00e5 v\u00e4rldens gr\u00e4nser var st\u00e4ngda. Vad h\u00e4nder i v\u00e4rlden? Vad h\u00e4nder med urfolken? Vad sker n\u00e4r vi tvingas stanna upp och ompr\u00f6va v\u00e5ra s\u00e4tt att leva \u2013 b\u00e5de p\u00e5 ett personligt och mellanm\u00e4nskligt plan?<\/p><p data-start=\"2037\" data-end=\"2689\">Vad har denna tidsperiod gjort med urfolken? Vad h\u00e4nder med v\u00e5ra marker? Kommer exploateringen att forts\u00e4tta, och kommer vi att tystas f\u00f6r att nationalstater ska kunna \u00e5teruppbygga sina ekonomier? Eller kan v\u00e5ra f\u00f6rf\u00e4ders kunskap \u2013 som delvis fortfarande lever kvar \u2013 bli betydelsefull i en ny global verklighet? Har vi som individer l\u00e4rt oss n\u00e5got som vi vill f\u00f6ra vidare? Nu n\u00e4r v\u00e4rlden b\u00f6rjar \u00f6ppna sig igen \u2013 har vi kanske l\u00e4rt oss att \u00e5terta v\u00e5ra m\u00f6drars och f\u00e4ders kunskap och levnadss\u00e4tt, att se v\u00e5ra omr\u00e5den p\u00e5 nytt och uppskatta dem p\u00e5 ett mer personligt plan? M\u00e5nga av dessa tankar kommer till uttryck i de verk som visas i denna utst\u00e4llning.<\/p><p data-start=\"2691\" data-end=\"3251\">Det valda temat \u2013 <strong data-start=\"2709\" data-end=\"2731\">ett gr\u00e4nsl\u00f6st folk<\/strong> \u2013 ger var och en m\u00f6jlighet att reflektera \u00f6ver vad det egentligen inneb\u00e4r att vara gr\u00e4nsl\u00f6s, b\u00e5de i relation till nationsgr\u00e4nser och i en mer visuell bem\u00e4rkelse. Genom hela utst\u00e4llningen ser vi hur m\u00e5nga av f\u00f6retr\u00e4darna f\u00f6r samisk kultur f\u00f6rdjupar sig i erfarenheten av att leva i ett landskap \u2013 b\u00e5de det vackra naturlandskapet och det mer omstridda, exploaterade landskapet. V\u00e5r utg\u00e5ngspunkt \u00e4r h\u00e4ndelser som \u00e4gt rum under de senaste sex m\u00e5naderna. Samtidigt \u00e4r vi medvetna om att utst\u00e4llningens tema kan tolkas brett.<\/p><p data-start=\"3253\" data-end=\"3546\">Urfolkens kunskap \u2013 den tysta och den tystade kunskapen \u2013 m\u00e5ste ta sin plats p\u00e5 den globala konstkartan. Nu, trots historiska \u00f6vergrepp och en kultur av tystnad, ger denna utst\u00e4llning oss m\u00f6jligheten att ber\u00e4tta v\u00e5r egen historia, genom v\u00e5ra egna erfarenheter och med v\u00e5ra egna uttrycksformer.<\/p>\t\t\t\t\t\t\t\t<\/div>\n\t\t\t\t\t<\/div>\n\t\t\t\t<\/div>\n\t\t<div class=\"elementor-element elementor-element-960039b section-xs e-flex e-con-boxed e-con e-parent\" data-id=\"960039b\" data-element_type=\"container\" data-e-type=\"container\" data-settings=\"{&quot;jet_parallax_layout_list&quot;:[]}\">\n\t\t\t\t\t<div class=\"e-con-inner\">\n\t\t\t\t<div class=\"elementor-element elementor-element-9d976b5 elementor-grid-4 elementor-grid-tablet-2 elementor-grid-mobile-1 elementor-widget elementor-widget-loop-grid\" data-id=\"9d976b5\" data-element_type=\"widget\" data-e-type=\"widget\" data-settings=\"{&quot;template_id&quot;:3630,&quot;columns&quot;:4,&quot;_skin&quot;:&quot;post&quot;,&quot;columns_tablet&quot;:&quot;2&quot;,&quot;columns_mobile&quot;:&quot;1&quot;,&quot;edit_handle_selector&quot;:&quot;[data-elementor-type=\\&quot;loop-item\\&quot;]&quot;,&quot;row_gap&quot;:{&quot;unit&quot;:&quot;px&quot;,&quot;size&quot;:&quot;&quot;,&quot;sizes&quot;:[]},&quot;row_gap_laptop&quot;:{&quot;unit&quot;:&quot;px&quot;,&quot;size&quot;:&quot;&quot;,&quot;sizes&quot;:[]},&quot;row_gap_tablet&quot;:{&quot;unit&quot;:&quot;px&quot;,&quot;size&quot;:&quot;&quot;,&quot;sizes&quot;:[]},&quot;row_gap_mobile&quot;:{&quot;unit&quot;:&quot;px&quot;,&quot;size&quot;:&quot;&quot;,&quot;sizes&quot;:[]}}\" data-widget_type=\"loop-grid.post\">\n\t\t\t\t<div class=\"elementor-widget-container\">\n\t\t\t\t\t\t\t<div class=\"elementor-loop-container elementor-grid\" role=\"list\">\n\t\t<style id=\"loop-3630\">.elementor-3630 .elementor-element.elementor-element-9900d5a{--display:flex;--flex-direction:column;--container-widget-width:100%;--container-widget-height:initial;--container-widget-flex-grow:0;--container-widget-align-self:initial;--flex-wrap-mobile:wrap;--gap:10px 10px;--row-gap:10px;--column-gap:10px;}.elementor-3630 .elementor-element.elementor-element-b6489e9 .elementor-heading-title{font-family:var( --e-global-typography-3ae3581-font-family ), Sans-serif;font-size:var( --e-global-typography-3ae3581-font-size );font-weight:var( --e-global-typography-3ae3581-font-weight );line-height:var( --e-global-typography-3ae3581-line-height );letter-spacing:var( --e-global-typography-3ae3581-letter-spacing );word-spacing:var( --e-global-typography-3ae3581-word-spacing );}@media(max-width:1366px){.elementor-3630 .elementor-element.elementor-element-b6489e9 .elementor-heading-title{font-size:var( --e-global-typography-3ae3581-font-size );line-height:var( --e-global-typography-3ae3581-line-height );letter-spacing:var( --e-global-typography-3ae3581-letter-spacing );word-spacing:var( --e-global-typography-3ae3581-word-spacing );}}@media(max-width:1024px){.elementor-3630 .elementor-element.elementor-element-b6489e9 .elementor-heading-title{font-size:var( --e-global-typography-3ae3581-font-size );line-height:var( --e-global-typography-3ae3581-line-height );letter-spacing:var( --e-global-typography-3ae3581-letter-spacing );word-spacing:var( --e-global-typography-3ae3581-word-spacing );}}@media(max-width:767px){.elementor-3630 .elementor-element.elementor-element-b6489e9 .elementor-heading-title{font-size:var( --e-global-typography-3ae3581-font-size );line-height:var( --e-global-typography-3ae3581-line-height );letter-spacing:var( --e-global-typography-3ae3581-letter-spacing );word-spacing:var( --e-global-typography-3ae3581-word-spacing );}}<\/style>\t\t<div data-elementor-type=\"loop-item\" data-elementor-id=\"3630\" class=\"elementor elementor-3630 e-loop-item e-loop-item-4 post-4 artists type-artists status-publish hentry category-curator\" data-elementor-post-type=\"elementor_library\" data-custom-edit-handle=\"1\">\n\t\t\t<a class=\"elementor-element elementor-element-9900d5a e-flex e-con-boxed e-con e-parent\" data-id=\"9900d5a\" data-element_type=\"container\" data-e-type=\"container\" data-settings=\"{&quot;jet_parallax_layout_list&quot;:[]}\" href=\"https:\/\/arctichighways.com\/en\/artists\/gunvor-guttorm\/\">\n\t\t\t\t\t<div class=\"e-con-inner\">\n\t\t\t\t<div class=\"elementor-element elementor-element-c7808dc elementor-widget elementor-widget-image\" data-id=\"c7808dc\" data-element_type=\"widget\" data-e-type=\"widget\" data-widget_type=\"image.default\">\n\t\t\t\t\t\t\t\t\t\t\t\t\t\t\t<img decoding=\"async\" src=\"https:\/\/arctichighways.com\/wp-content\/uploads\/elementor\/thumbs\/GG_port_EO_orig-riwabur5zon2eskax691139629vyzgbro2n2f8exxc.jpg\" title=\"GG_port_EO_orig\" alt=\"Photo by Elisabeth Ohlson\" loading=\"lazy\" \/>\t\t\t\t\t\t\t\t\t\t\t\t\t\t\t<\/div>\n\t\t\t\t<div class=\"elementor-element elementor-element-b6489e9 elementor-widget elementor-widget-theme-post-title elementor-page-title elementor-widget-heading\" data-id=\"b6489e9\" data-element_type=\"widget\" data-e-type=\"widget\" data-widget_type=\"theme-post-title.default\">\n\t\t\t\t\t<h2 class=\"elementor-heading-title elementor-size-default\">Gunvor Guttorm<\/h2>\t\t\t\t<\/div>\n\t\t\t\t\t<\/div>\n\t\t\t\t<\/a>\n\t\t\t\t<\/div>\n\t\t\t\t<div data-elementor-type=\"loop-item\" data-elementor-id=\"3630\" class=\"elementor elementor-3630 e-loop-item e-loop-item-6 post-6 artists type-artists status-publish hentry category-curator\" data-elementor-post-type=\"elementor_library\" data-custom-edit-handle=\"1\">\n\t\t\t<a class=\"elementor-element elementor-element-9900d5a e-flex e-con-boxed e-con e-parent\" data-id=\"9900d5a\" data-element_type=\"container\" data-e-type=\"container\" data-settings=\"{&quot;jet_parallax_layout_list&quot;:[]}\" href=\"https:\/\/arctichighways.com\/en\/artists\/dan-jama\/\">\n\t\t\t\t\t<div class=\"e-con-inner\">\n\t\t\t\t<div class=\"elementor-element elementor-element-c7808dc elementor-widget elementor-widget-image\" data-id=\"c7808dc\" data-element_type=\"widget\" data-e-type=\"widget\" data-widget_type=\"image.default\">\n\t\t\t\t\t\t\t\t\t\t\t\t\t\t\t<img decoding=\"async\" src=\"https:\/\/arctichighways.com\/wp-content\/uploads\/elementor\/thumbs\/DJ_port_EO-riwabvp06iocqeixronnll0mnnrc75fi07ajwidjr4.jpg\" title=\"DJ_port_EO\" alt=\"Photo by Elisabeth Ohlson\" loading=\"lazy\" \/>\t\t\t\t\t\t\t\t\t\t\t\t\t\t\t<\/div>\n\t\t\t\t<div class=\"elementor-element elementor-element-b6489e9 elementor-widget elementor-widget-theme-post-title elementor-page-title elementor-widget-heading\" data-id=\"b6489e9\" data-element_type=\"widget\" data-e-type=\"widget\" data-widget_type=\"theme-post-title.default\">\n\t\t\t\t\t<h2 class=\"elementor-heading-title elementor-size-default\">Dan J\u00e5ma<\/h2>\t\t\t\t<\/div>\n\t\t\t\t\t<\/div>\n\t\t\t\t<\/a>\n\t\t\t\t<\/div>\n\t\t\t\t<div data-elementor-type=\"loop-item\" data-elementor-id=\"3630\" class=\"elementor elementor-3630 e-loop-item e-loop-item-3432 post-3432 artists type-artists status-publish hentry category-curator\" data-elementor-post-type=\"elementor_library\" data-custom-edit-handle=\"1\">\n\t\t\t<a class=\"elementor-element elementor-element-9900d5a e-flex e-con-boxed e-con e-parent\" data-id=\"9900d5a\" data-element_type=\"container\" data-e-type=\"container\" data-settings=\"{&quot;jet_parallax_layout_list&quot;:[]}\" href=\"https:\/\/arctichighways.com\/en\/artists\/tomas-colbengtson\/\">\n\t\t\t\t\t<div class=\"e-con-inner\">\n\t\t\t\t<div class=\"elementor-element elementor-element-c7808dc elementor-widget elementor-widget-image\" data-id=\"c7808dc\" data-element_type=\"widget\" data-e-type=\"widget\" data-widget_type=\"image.default\">\n\t\t\t\t\t\t\t\t\t\t\t\t\t\t\t<img decoding=\"async\" src=\"https:\/\/arctichighways.com\/wp-content\/uploads\/elementor\/thumbs\/TC_port_elisabeth_Ohlson-riwabwmudcpn20hkm72a62s391mpeuj8cby1dsc5kw.jpg\" title=\"TC_port_elisabeth_Ohlson\" alt=\"Photo by Elisabeth Ohlson\" loading=\"lazy\" \/>\t\t\t\t\t\t\t\t\t\t\t\t\t\t\t<\/div>\n\t\t\t\t<div class=\"elementor-element elementor-element-b6489e9 elementor-widget elementor-widget-theme-post-title elementor-page-title elementor-widget-heading\" data-id=\"b6489e9\" data-element_type=\"widget\" data-e-type=\"widget\" data-widget_type=\"theme-post-title.default\">\n\t\t\t\t\t<h2 class=\"elementor-heading-title elementor-size-default\">Tomas Colbengtson<\/h2>\t\t\t\t<\/div>\n\t\t\t\t\t<\/div>\n\t\t\t\t<\/a>\n\t\t\t\t<\/div>\n\t\t\t\t<div data-elementor-type=\"loop-item\" data-elementor-id=\"3630\" class=\"elementor elementor-3630 e-loop-item e-loop-item-3435 post-3435 artists type-artists status-publish hentry category-curator\" data-elementor-post-type=\"elementor_library\" data-custom-edit-handle=\"1\">\n\t\t\t<a class=\"elementor-element elementor-element-9900d5a e-flex e-con-boxed e-con e-parent\" data-id=\"9900d5a\" data-element_type=\"container\" data-e-type=\"container\" data-settings=\"{&quot;jet_parallax_layout_list&quot;:[]}\" href=\"https:\/\/arctichighways.com\/en\/artists\/britta-marakatt-labba\/\">\n\t\t\t\t\t<div class=\"e-con-inner\">\n\t\t\t\t<div class=\"elementor-element elementor-element-c7808dc elementor-widget elementor-widget-image\" data-id=\"c7808dc\" data-element_type=\"widget\" data-e-type=\"widget\" data-widget_type=\"image.default\">\n\t\t\t\t\t\t\t\t\t\t\t\t\t\t\t<img decoding=\"async\" src=\"https:\/\/arctichighways.com\/wp-content\/uploads\/elementor\/thumbs\/BLM_port_Elisabeth_Ohlson-riwabur5zon2eskax691139629vyzgbro2n2f8exxc.jpg\" title=\"BLM_port_Elisabeth_Ohlson\" alt=\"BLM_port_Elisabeth_Ohlson\" loading=\"lazy\" \/>\t\t\t\t\t\t\t\t\t\t\t\t\t\t\t<\/div>\n\t\t\t\t<div class=\"elementor-element elementor-element-b6489e9 elementor-widget elementor-widget-theme-post-title elementor-page-title elementor-widget-heading\" data-id=\"b6489e9\" data-element_type=\"widget\" data-e-type=\"widget\" data-widget_type=\"theme-post-title.default\">\n\t\t\t\t\t<h2 class=\"elementor-heading-title elementor-size-default\">Britta Marakatt\u2011Labba<\/h2>\t\t\t\t<\/div>\n\t\t\t\t\t<\/div>\n\t\t\t\t<\/a>\n\t\t\t\t<\/div>\n\t\t\t\t<\/div>\n\t\t\n\t\t\t\t\t\t<\/div>\n\t\t\t\t<\/div>\n\t\t\t\t\t<\/div>\n\t\t\t\t<\/div>\n\t\t<div class=\"elementor-element elementor-element-c0e1867 e-con-full e-flex e-con e-parent\" data-id=\"c0e1867\" data-element_type=\"container\" data-e-type=\"container\" data-settings=\"{&quot;jet_parallax_layout_list&quot;:[]}\">\n\t\t\t\t<div class=\"elementor-element elementor-element-6403d76 elementor-widget elementor-widget-template\" data-id=\"6403d76\" data-element_type=\"widget\" data-e-type=\"widget\" data-widget_type=\"template.default\">\n\t\t\t\t<div class=\"elementor-widget-container\">\n\t\t\t\t\t\t\t<div class=\"elementor-template\">\n\t\t\t\t\t<div data-elementor-type=\"container\" data-elementor-id=\"3656\" class=\"elementor elementor-3656\" data-elementor-post-type=\"elementor_library\">\n\t\t\t\t<div class=\"elementor-element elementor-element-2f9061d0 section-xs e-flex e-con-boxed e-con e-parent\" data-id=\"2f9061d0\" data-element_type=\"container\" data-e-type=\"container\" data-settings=\"{&quot;jet_parallax_layout_list&quot;:[]}\">\n\t\t\t\t\t<div class=\"e-con-inner\">\n\t\t\t\t<div class=\"elementor-element elementor-element-c5efbb9 elementor-align-justify elementor-widget elementor-widget-button\" data-id=\"c5efbb9\" data-element_type=\"widget\" data-e-type=\"widget\" data-widget_type=\"button.default\">\n\t\t\t\t\t\t\t\t\t\t<a class=\"elementor-button elementor-button-link elementor-size-sm\" href=\"https:\/\/arctichighways.com\/utstallning\/\">\n\t\t\t\t\t\t<span class=\"elementor-button-content-wrapper\">\n\t\t\t\t\t\t<span class=\"elementor-button-icon\">\n\t\t\t\t<svg xmlns=\"http:\/\/www.w3.org\/2000\/svg\" xmlns:svg=\"http:\/\/www.w3.org\/2000\/svg\" fill=\"\" width=\"92\" height=\"75.999573\" viewBox=\"0 0 184 151.99915\" id=\"Flat\"><defs id=\"defs1\"><\/defs><path d=\"m 182.82812,78.827698 -72,72.000002 a 3.9995727,3.9995727 0 0 1 -5.65625,-5.65625 L 170.34326,79.999578 H 4 a 4,4 0 0 1 0,-8 H 170.34326 L 105.17187,6.8276977 a 3.9995727,3.9995727 0 0 1 5.65625,-5.65625 l 72,72.0000003 a 3.99854,3.99854 0 0 1 0,5.65625 z\" id=\"path1\"><\/path><\/svg>\t\t\t<\/span>\n\t\t\t\t\t\t\t\t\t<span class=\"elementor-button-text\">Artic Highways \u2022  utst\u00e4llning<\/span>\n\t\t\t\t\t<\/span>\n\t\t\t\t\t<\/a>\n\t\t\t\t\t\t\t\t<\/div>\n\t\t\t\t\t<\/div>\n\t\t\t\t<\/div>\n\t\t\t\t<\/div>\n\t\t\t\t<\/div>\n\t\t\t\t\t\t<\/div>\n\t\t\t\t<\/div>\n\t\t\t\t<\/div>\n\t\t\t\t<\/div>\n\t\t","protected":false},"excerpt":{"rendered":"<p>Arctic Highway \u2013 Ett gr\u00e4nsl\u00f6st folk Urfolk runt om i v\u00e4rlden existerade l\u00e5ngt innan nationalstaternas gr\u00e4nser drogs upp. Gr\u00e4nser som inte tog h\u00e4nsyn till urfolkens omr\u00e5den \u2013 de landskap som rymmer v\u00e5ra traditionella platser och som har burit och f\u00f6rs\u00f6rjt oss. Gr\u00e4nserna drogs l\u00e4ngs fj\u00e4ll, dalar, sj\u00f6ar och \u00e4lvar, och s\u00e5 vidare. Samtidigt hade m\u00e4nniskor [&hellip;]<\/p>\n","protected":false},"author":4,"featured_media":0,"parent":0,"menu_order":0,"comment_status":"closed","ping_status":"closed","template":"","meta":{"footnotes":""},"class_list":["post-987","page","type-page","status-publish","hentry"],"_links":{"self":[{"href":"https:\/\/arctichighways.com\/en\/wp-json\/wp\/v2\/pages\/987","targetHints":{"allow":["GET"]}}],"collection":[{"href":"https:\/\/arctichighways.com\/en\/wp-json\/wp\/v2\/pages"}],"about":[{"href":"https:\/\/arctichighways.com\/en\/wp-json\/wp\/v2\/types\/page"}],"author":[{"embeddable":true,"href":"https:\/\/arctichighways.com\/en\/wp-json\/wp\/v2\/users\/4"}],"replies":[{"embeddable":true,"href":"https:\/\/arctichighways.com\/en\/wp-json\/wp\/v2\/comments?post=987"}],"version-history":[{"count":29,"href":"https:\/\/arctichighways.com\/en\/wp-json\/wp\/v2\/pages\/987\/revisions"}],"predecessor-version":[{"id":3894,"href":"https:\/\/arctichighways.com\/en\/wp-json\/wp\/v2\/pages\/987\/revisions\/3894"}],"wp:attachment":[{"href":"https:\/\/arctichighways.com\/en\/wp-json\/wp\/v2\/media?parent=987"}],"curies":[{"name":"wp","href":"https:\/\/api.w.org\/{rel}","templated":true}]}}