{"id":1873,"date":"2022-02-20T18:12:21","date_gmt":"2022-02-20T18:12:21","guid":{"rendered":"https:\/\/arctichighways.com\/?page_id=1873"},"modified":"2026-02-17T14:27:19","modified_gmt":"2026-02-17T14:27:19","slug":"about-jan-wejdmark","status":"publish","type":"page","link":"https:\/\/arctichighways.com\/en\/press\/om-jan-wejdmark\/","title":{"rendered":"About Jan Wejdmark"},"content":{"rendered":"<div data-elementor-type=\"wp-page\" data-elementor-id=\"1873\" class=\"elementor elementor-1873\" data-elementor-post-type=\"page\">\n\t\t\t\t<div class=\"elementor-element elementor-element-9ee8e83 section-xs e-flex e-con-boxed e-con e-parent\" data-id=\"9ee8e83\" data-element_type=\"container\" data-e-type=\"container\" data-settings=\"{&quot;background_background&quot;:&quot;classic&quot;,&quot;jet_parallax_layout_list&quot;:[]}\">\n\t\t\t\t\t<div class=\"e-con-inner\">\n\t\t\t\t<div class=\"elementor-element elementor-element-01c4cb4 elementor-widget elementor-widget-heading\" data-id=\"01c4cb4\" data-element_type=\"widget\" data-e-type=\"widget\" data-widget_type=\"heading.default\">\n\t\t\t\t\t<h2 class=\"elementor-heading-title elementor-size-default\">Press room<\/h2>\t\t\t\t<\/div>\n\t\t\t\t\t<\/div>\n\t\t\t\t<\/div>\n\t\t<div class=\"elementor-element elementor-element-40ebffe section-s gap-xl e-flex e-con-boxed e-con e-parent\" data-id=\"40ebffe\" data-element_type=\"container\" data-e-type=\"container\" data-settings=\"{&quot;jet_parallax_layout_list&quot;:[]}\">\n\t\t\t\t\t<div class=\"e-con-inner\">\n\t\t<div class=\"elementor-element elementor-element-fb943ae e-con-full gap-none e-flex e-con e-child\" data-id=\"fb943ae\" data-element_type=\"container\" data-e-type=\"container\" data-settings=\"{&quot;jet_parallax_layout_list&quot;:[]}\">\n\t\t\t\t<div class=\"elementor-element elementor-element-f4a5b87 elementor-widget elementor-widget-heading\" data-id=\"f4a5b87\" data-element_type=\"widget\" data-e-type=\"widget\" data-widget_type=\"heading.default\">\n\t\t\t\t\t<h1 class=\"elementor-heading-title elementor-size-default\">About Jan Wejdmark<\/h1>\t\t\t\t<\/div>\n\t\t\t\t<div class=\"elementor-element elementor-element-8811baf elementor-widget elementor-widget-text-editor\" data-id=\"8811baf\" data-element_type=\"widget\" data-e-type=\"widget\" data-widget_type=\"text-editor.default\">\n\t\t\t\t\t\t\t\t\t<p data-start=\"61\" data-end=\"386\">Born and bred in Gran\u00f6, in V\u00e4sterbotten, north-\u00adeastern Sweden, is a forest-owner with deep roots in the rural district, where his family have lived and worked for 15 generations. Wejdmark holds an MSc degree in real estate and law, including environmental studies, from <span class=\"hover:entity-accent entity-underline inline cursor-pointer align-baseline\"><span class=\"whitespace-normal\">KTH, the Royal Institute of Technology, in Stockholm.<\/span><\/span> (KTH).<\/p><p data-start=\"388\" data-end=\"514\">He is the initiator and founder of <span class=\"hover:entity-accent entity-underline inline cursor-pointer align-baseline\"><span class=\"whitespace-normal\">the Meeting Place Gran\u00f6<\/span><\/span> and funder and patron of <em data-start=\"496\" data-end=\"513\">Arctic Highways<\/em>.<\/p>\t\t\t\t\t\t\t\t<\/div>\n\t\t\t\t<\/div>\n\t\t<div class=\"elementor-element elementor-element-e73ddb1 e-con-full gap-none e-flex e-con e-child\" data-id=\"e73ddb1\" data-element_type=\"container\" data-e-type=\"container\" data-settings=\"{&quot;jet_parallax_layout_list&quot;:[]}\">\n\t\t<div class=\"elementor-element elementor-element-983810d e-con-full e-flex e-con e-child\" data-id=\"983810d\" data-element_type=\"container\" data-e-type=\"container\" data-settings=\"{&quot;background_background&quot;:&quot;classic&quot;,&quot;jet_parallax_layout_list&quot;:[]}\">\n\t\t\t\t<div class=\"elementor-element elementor-element-9150efb elementor-widget elementor-widget-heading\" data-id=\"9150efb\" data-element_type=\"widget\" data-e-type=\"widget\" data-widget_type=\"heading.default\">\n\t\t\t\t\t<h3 class=\"elementor-heading-title elementor-size-default\">High resolution image<\/h3>\t\t\t\t<\/div>\n\t\t\t\t<div class=\"elementor-element elementor-element-1ee9d31 elementor-widget elementor-widget-image\" data-id=\"1ee9d31\" data-element_type=\"widget\" data-e-type=\"widget\" data-widget_type=\"image.default\">\n\t\t\t\t\t\t\t\t\t\t\t\t<figure class=\"wp-caption\">\n\t\t\t\t\t\t\t\t\t\t\t<a href=\"https:\/\/arctichighways.com\/wp-content\/uploads\/2022\/02\/Jan-Wejdmark-Photo-Elisabeth-Ohlson-scaled.jpg\" data-elementor-open-lightbox=\"no\">\n\t\t\t\t\t\t\t<img fetchpriority=\"high\" decoding=\"async\" width=\"768\" height=\"512\" src=\"https:\/\/arctichighways.com\/wp-content\/uploads\/2022\/02\/Jan-Wejdmark-Photo-Elisabeth-Ohlson-768x512.jpg\" class=\"attachment-medium_large size-medium_large wp-image-1877\" alt=\"\" srcset=\"https:\/\/arctichighways.com\/wp-content\/uploads\/2022\/02\/Jan-Wejdmark-Photo-Elisabeth-Ohlson-768x512.jpg 768w, https:\/\/arctichighways.com\/wp-content\/uploads\/2022\/02\/Jan-Wejdmark-Photo-Elisabeth-Ohlson-300x200.jpg 300w, https:\/\/arctichighways.com\/wp-content\/uploads\/2022\/02\/Jan-Wejdmark-Photo-Elisabeth-Ohlson-1024x683.jpg 1024w, https:\/\/arctichighways.com\/wp-content\/uploads\/2022\/02\/Jan-Wejdmark-Photo-Elisabeth-Ohlson-1536x1024.jpg 1536w, https:\/\/arctichighways.com\/wp-content\/uploads\/2022\/02\/Jan-Wejdmark-Photo-Elisabeth-Ohlson-2048x1365.jpg 2048w\" sizes=\"(max-width: 768px) 100vw, 768px\" \/>\t\t\t\t\t\t\t\t<\/a>\n\t\t\t\t\t\t\t\t\t\t\t<figcaption class=\"widget-image-caption wp-caption-text\">Photo by Elisabeth Ohlson<\/figcaption>\n\t\t\t\t\t\t\t\t\t\t<\/figure>\n\t\t\t\t\t\t\t\t\t<\/div>\n\t\t\t\t<\/div>\n\t\t\t\t<\/div>\n\t\t\t\t\t<\/div>\n\t\t\t\t<\/div>\n\t\t\t\t<\/div>","protected":false},"excerpt":{"rendered":"<p>Pressrum Om Jan Wejdmark F\u00f6dd och uppvuxen i Gran\u00f6 i V\u00e4sterbotten, nord\u00f6stra Sverige, \u00e4r han skogs\u00e4gare med djupa r\u00f6tter i bygden, d\u00e4r hans familj har levt och verkat i femton generationer. Wejdmark har en civilingenj\u00f6rsexamen (MSc) i fastighetsekonomi och juridik, med inriktning mot milj\u00f6studier, fr\u00e5n Kungliga Tekniska h\u00f6gskolan (KTH). Han \u00e4r initiativtagare och grundare av [&hellip;]<\/p>\n","protected":false},"author":4,"featured_media":0,"parent":1790,"menu_order":0,"comment_status":"closed","ping_status":"closed","template":"","meta":{"footnotes":""},"class_list":["post-1873","page","type-page","status-publish","hentry"],"_links":{"self":[{"href":"https:\/\/arctichighways.com\/en\/wp-json\/wp\/v2\/pages\/1873","targetHints":{"allow":["GET"]}}],"collection":[{"href":"https:\/\/arctichighways.com\/en\/wp-json\/wp\/v2\/pages"}],"about":[{"href":"https:\/\/arctichighways.com\/en\/wp-json\/wp\/v2\/types\/page"}],"author":[{"embeddable":true,"href":"https:\/\/arctichighways.com\/en\/wp-json\/wp\/v2\/users\/4"}],"replies":[{"embeddable":true,"href":"https:\/\/arctichighways.com\/en\/wp-json\/wp\/v2\/comments?post=1873"}],"version-history":[{"count":20,"href":"https:\/\/arctichighways.com\/en\/wp-json\/wp\/v2\/pages\/1873\/revisions"}],"predecessor-version":[{"id":3930,"href":"https:\/\/arctichighways.com\/en\/wp-json\/wp\/v2\/pages\/1873\/revisions\/3930"}],"up":[{"embeddable":true,"href":"https:\/\/arctichighways.com\/en\/wp-json\/wp\/v2\/pages\/1790"}],"wp:attachment":[{"href":"https:\/\/arctichighways.com\/en\/wp-json\/wp\/v2\/media?parent=1873"}],"curies":[{"name":"wp","href":"https:\/\/api.w.org\/{rel}","templated":true}]}}